{"id":259680,"date":"2026-04-12T11:16:52","date_gmt":"2026-04-12T15:16:52","guid":{"rendered":"https:\/\/peintresprestigemontreal.com\/deck-staining-and-painting\/"},"modified":"2026-04-12T11:52:17","modified_gmt":"2026-04-12T15:52:17","slug":"teinture-et-peinture-de-terrasse","status":"publish","type":"page","link":"https:\/\/peintresprestigemontreal.com\/fr\/teinture-et-peinture-de-terrasse\/","title":{"rendered":"Teinture et Peinture de Terrasse"},"content":{"rendered":"<p>[et_pb_section fb_built=\u00a0\u00bb1&Prime; custom_padding_last_edited=\u00a0\u00bboff|desktop\u00a0\u00bb admin_label=\u00a0\u00bbPage Header\u00a0\u00bb _builder_version=\u00a0\u00bb4.27.5&Prime; use_background_color_gradient=\u00a0\u00bbon\u00a0\u00bb background_color_gradient_direction=\u00a0\u00bb90deg\u00a0\u00bb background_color_gradient_stops=\u00a0\u00bbrgba(34,34,34,0.48) 50%|rgba(34,34,34,0.48) 50%\u00a0\u00bb background_color_gradient_overlays_image=\u00a0\u00bbon\u00a0\u00bb background_color_gradient_start=\u00a0\u00bbrgba(34,34,34,0.48)\u00a0\u00bb background_color_gradient_start_position=\u00a0\u00bb50%\u00a0\u00bb background_color_gradient_end=\u00a0\u00bbrgba(34,34,34,0.48)\u00a0\u00bb background_color_gradient_end_position=\u00a0\u00bb0%\u00a0\u00bb background_image=\u00a0\u00bbhttps:\/\/peintresprestigemontreal.com\/wp-content\/uploads\/2026\/04\/deck-painting-staining.jpg\u00a0\u00bb width=\u00a0\u00bb100%\u00a0\u00bb custom_padding=\u00a0\u00bb7vw||4vw||false|false\u00a0\u00bb custom_padding_tablet=\u00a0\u00bb||||false|false\u00a0\u00bb custom_padding_phone=\u00a0\u00bb||||false|false\u00a0\u00bb locked=\u00a0\u00bboff\u00a0\u00bb global_colors_info=\u00a0\u00bb{}\u00a0\u00bb][et_pb_row _builder_version=\u00a0\u00bb4.16&Prime; _module_preset=\u00a0\u00bbdefault\u00a0\u00bb global_colors_info=\u00a0\u00bb{}\u00a0\u00bb][et_pb_column type=\u00a0\u00bb4_4&Prime; _builder_version=\u00a0\u00bb4.16&Prime; _module_preset=\u00a0\u00bbdefault\u00a0\u00bb global_colors_info=\u00a0\u00bb{}\u00a0\u00bb][et_pb_text _builder_version=\u00a0\u00bb4.27.5&Prime; _module_preset=\u00a0\u00bbdefault\u00a0\u00bb header_font=\u00a0\u00bbMontserrat|700||on|||||\u00a0\u00bb header_text_color=\u00a0\u00bb#d2ad29&Prime; header_font_size=\u00a0\u00bb60px\u00a0\u00bb header_font_size_tablet=\u00a0\u00bb53px\u00a0\u00bb header_font_size_phone=\u00a0\u00bb30px\u00a0\u00bb header_font_size_last_edited=\u00a0\u00bbon|phone\u00a0\u00bb header_text_shadow_style=\u00a0\u00bbpreset1&Prime; global_colors_info=\u00a0\u00bb{}\u00a0\u00bb]<\/p> <h1><strong>Teinture et Peinture de Terrasse \u00e0 Montr\u00e9al <\/strong><\/h1> <p>[\/et_pb_text][et_pb_button button_url=\u00a0\u00bbhttps:\/\/peintresprestigemontreal.com\/fr\/contact\/\u00a0\u00bb button_text=\u00a0\u00bbSoumission Rapide\u00a0\u00bb button_alignment=\u00a0\u00bbleft\u00a0\u00bb module_id=\u00a0\u00bboverlay_unique_id_258096&Prime; _builder_version=\u00a0\u00bb4.27.5&Prime; _module_preset=\u00a0\u00bbdefault\u00a0\u00bb custom_button=\u00a0\u00bbon\u00a0\u00bb button_text_size=\u00a0\u00bb14px\u00a0\u00bb button_text_color=\u00a0\u00bb#d2ad29&Prime; button_bg_color=\u00a0\u00bb#111111&Prime; button_border_width=\u00a0\u00bb2px\u00a0\u00bb button_border_color=\u00a0\u00bb#d2ad29&Prime; button_border_radius=\u00a0\u00bb0px\u00a0\u00bb button_letter_spacing=\u00a0\u00bb2px\u00a0\u00bb button_font=\u00a0\u00bbMontserrat|600||on|||||\u00a0\u00bb button_icon=\u00a0\u00bb&#x24;||divi||400&Prime; custom_padding=\u00a0\u00bb20px|20px|20px|20px|true|true\u00a0\u00bb global_colors_info=\u00a0\u00bb{}\u00a0\u00bb][\/et_pb_button][\/et_pb_column][\/et_pb_row][\/et_pb_section][et_pb_section fb_built=\u00a0\u00bb1&Prime; _builder_version=\u00a0\u00bb4.16&Prime; _module_preset=\u00a0\u00bbdefault\u00a0\u00bb background_color=\u00a0\u00bb#111111&Prime; custom_margin=\u00a0\u00bb||-9px|||\u00a0\u00bb custom_padding=\u00a0\u00bb61px||27px|||\u00a0\u00bb global_colors_info=\u00a0\u00bb{}\u00a0\u00bb][et_pb_row disabled_on=\u00a0\u00bbon|off|off\u00a0\u00bb _builder_version=\u00a0\u00bb4.16&Prime; _module_preset=\u00a0\u00bbdefault\u00a0\u00bb custom_padding=\u00a0\u00bb9px||14px|||\u00a0\u00bb global_colors_info=\u00a0\u00bb{}\u00a0\u00bb][et_pb_column type=\u00a0\u00bb4_4&Prime; _builder_version=\u00a0\u00bb4.16&Prime; _module_preset=\u00a0\u00bbdefault\u00a0\u00bb global_colors_info=\u00a0\u00bb{}\u00a0\u00bb][et_pb_text _builder_version=\u00a0\u00bb4.27.5&Prime; _module_preset=\u00a0\u00bbdefault\u00a0\u00bb text_font=\u00a0\u00bbMontserrat||||||||\u00a0\u00bb text_text_color=\u00a0\u00bb#FFFFFF\u00a0\u00bb text_font_size=\u00a0\u00bb20px\u00a0\u00bb header_2_font=\u00a0\u00bbMontserrat|||on|||||\u00a0\u00bb header_2_text_color=\u00a0\u00bb#FFFFFF\u00a0\u00bb header_2_font_size=\u00a0\u00bb24px\u00a0\u00bb custom_margin=\u00a0\u00bb-3px||14px|||\u00a0\u00bb text_font_size_tablet=\u00a0\u00bb19px\u00a0\u00bb text_font_size_phone=\u00a0\u00bb17px\u00a0\u00bb text_font_size_last_edited=\u00a0\u00bboff|desktop\u00a0\u00bb header_2_font_size_tablet=\u00a0\u00bb50px\u00a0\u00bb header_2_font_size_phone=\u00a0\u00bb35px\u00a0\u00bb header_2_font_size_last_edited=\u00a0\u00bbon|desktop\u00a0\u00bb global_colors_info=\u00a0\u00bb{}\u00a0\u00bb]<\/p> <p>La terrasse en bois est l\u2019un des espaces ext\u00e9rieurs les plus appr\u00e9ci\u00e9s des propri\u00e9taires qu\u00e9b\u00e9cois. C\u2019est l\u00e0 qu\u2019on se retrouve entre amis, qu\u2019on prend le caf\u00e9 le matin, qu\u2019on profite des longues soir\u00e9es d\u2019\u00e9t\u00e9. Mais le bois ext\u00e9rieur, expos\u00e9 aux rigueurs du climat qu\u00e9b\u00e9cois, vieillit vite s\u2019il n\u2019est pas correctement entretenu.<\/p> <p>Un bois qui grisaille, qui se fissure, qui accueille de la moisissure ou qui commence \u00e0 se d\u00e9sagr\u00e9ger : c\u2019est non seulement inesth\u00e9tique, mais aussi potentiellement dangereux et co\u00fbteux \u00e0 remplacer. Chez Peintres Prestige Montr\u00e9al, nous offrons un service complet de d\u00e9capage, sablage, teinture et peinture de patio qui redonne vie \u00e0 votre bois et le prot\u00e8ge pour les ann\u00e9es \u00e0 venir.<\/p> <p>[\/et_pb_text][\/et_pb_column][\/et_pb_row][\/et_pb_section][et_pb_section fb_built=\u00a0\u00bb1&Prime; _builder_version=\u00a0\u00bb4.16&Prime; _module_preset=\u00a0\u00bbdefault\u00a0\u00bb background_enable_color=\u00a0\u00bboff\u00a0\u00bb width=\u00a0\u00bb100%\u00a0\u00bb custom_margin=\u00a0\u00bb8px|||||\u00a0\u00bb custom_padding=\u00a0\u00bb0px|||||\u00a0\u00bb global_colors_info=\u00a0\u00bb{}\u00a0\u00bb][et_pb_row _builder_version=\u00a0\u00bb4.16&Prime; _module_preset=\u00a0\u00bbdefault\u00a0\u00bb custom_padding=\u00a0\u00bb58px||6px|||\u00a0\u00bb global_colors_info=\u00a0\u00bb{}\u00a0\u00bb][et_pb_column type=\u00a0\u00bb4_4&Prime; _builder_version=\u00a0\u00bb4.16&Prime; _module_preset=\u00a0\u00bbdefault\u00a0\u00bb global_colors_info=\u00a0\u00bb{}\u00a0\u00bb][et_pb_text _builder_version=\u00a0\u00bb4.27.5&Prime; _module_preset=\u00a0\u00bbdefault\u00a0\u00bb text_font=\u00a0\u00bbMontserrat|700|||||||\u00a0\u00bb text_text_color=\u00a0\u00bb#d2ad29&Prime; text_font_size=\u00a0\u00bb19px\u00a0\u00bb header_2_font=\u00a0\u00bbMontserrat|||on|||||\u00a0\u00bb header_2_text_color=\u00a0\u00bb#FFFFFF\u00a0\u00bb header_2_font_size=\u00a0\u00bb50px\u00a0\u00bb custom_margin=\u00a0\u00bb-3px||14px|||\u00a0\u00bb text_font_size_tablet=\u00a0\u00bb19px\u00a0\u00bb text_font_size_phone=\u00a0\u00bb17px\u00a0\u00bb text_font_size_last_edited=\u00a0\u00bbon|phone\u00a0\u00bb header_2_font_size_tablet=\u00a0\u00bb50px\u00a0\u00bb header_2_font_size_phone=\u00a0\u00bb35px\u00a0\u00bb header_2_font_size_last_edited=\u00a0\u00bbon|desktop\u00a0\u00bb global_colors_info=\u00a0\u00bb{}\u00a0\u00bb]<\/p> <p style=\"text-align: center;\">Prot\u00e9gez et Embellissez Votre Terrasse en Bois<\/p> <p>[\/et_pb_text][et_pb_text _builder_version=\u00a0\u00bb4.27.5&Prime; _module_preset=\u00a0\u00bbdefault\u00a0\u00bb header_text_color=\u00a0\u00bb#000000&Prime; header_2_font=\u00a0\u00bbMontserrat|||on|||||\u00a0\u00bb header_2_text_color=\u00a0\u00bb#000000&Prime; header_2_font_size=\u00a0\u00bb50px\u00a0\u00bb custom_margin=\u00a0\u00bb15px||5px|||\u00a0\u00bb custom_padding=\u00a0\u00bb||35px|||\u00a0\u00bb header_2_font_size_tablet=\u00a0\u00bb50px\u00a0\u00bb header_2_font_size_phone=\u00a0\u00bb30px\u00a0\u00bb header_2_font_size_last_edited=\u00a0\u00bbon|desktop\u00a0\u00bb global_colors_info=\u00a0\u00bb{}\u00a0\u00bb]<\/p> <h2 style=\"text-align: center;\"><strong>Teinture et Peinture de Terrasse<\/strong><\/h2> <p>[\/et_pb_text][\/et_pb_column][\/et_pb_row][et_pb_row _builder_version=\u00a0\u00bb4.16&Prime; _module_preset=\u00a0\u00bbdefault\u00a0\u00bb custom_margin=\u00a0\u00bb1px|auto||auto||\u00a0\u00bb custom_padding=\u00a0\u00bb2px||1px|||\u00a0\u00bb global_colors_info=\u00a0\u00bb{}\u00a0\u00bb][et_pb_column type=\u00a0\u00bb4_4&Prime; _builder_version=\u00a0\u00bb4.16&Prime; _module_preset=\u00a0\u00bbdefault\u00a0\u00bb global_colors_info=\u00a0\u00bb{}\u00a0\u00bb][et_pb_text _builder_version=\u00a0\u00bb4.27.5&Prime; _module_preset=\u00a0\u00bbdefault\u00a0\u00bb text_font=\u00a0\u00bbMontserrat||||||||\u00a0\u00bb text_text_color=\u00a0\u00bb#000000&Prime; text_font_size=\u00a0\u00bb16px\u00a0\u00bb link_text_color=\u00a0\u00bb#d2ad29&Prime; global_colors_info=\u00a0\u00bb{}\u00a0\u00bb]<\/p> <h2><strong>Teinture ou Peinture? On S\u2019occupe des Deux \u2014 Voici Comment Choisir<\/strong><\/h2> <p><strong><\/strong><\/p> <p><a href=\"https:\/\/peintresprestigemontreal.com\/fr\/teinture\/\">Teinture<\/a> ou peinture : les deux sont des solutions professionnelles valables pour votre terrasse. Le bon choix d\u00e9pend de l\u2019\u00e9tat de votre bois, de vos pr\u00e9f\u00e9rences esth\u00e9tiques et de l\u2019usage que vous faites de votre espace. Voici les distinctions cl\u00e9s pour vous aider \u00e0 d\u00e9cider :<\/p> <h3>La Teinture \u2014 Id\u00e9ale pour le Bois en Bon \u00c9tat<\/h3> <p>La teinture p\u00e9n\u00e8tre \u00e0 l\u2019int\u00e9rieur des fibres du bois plut\u00f4t que de former un film en surface. Elle laisse le bois respirer, ce qui r\u00e9duit les risques de cloquage et d\u2019\u00e9caillage lors des cycles gel-d\u00e9gel. La teinture vieillit naturellement, met en valeur le grain du bois, et son entretien est g\u00e9n\u00e9ralement plus simple. Elle convient particuli\u00e8rement aux terrasses horizontales tr\u00e8s expos\u00e9es aux intemp\u00e9ries et au bois en bon \u00e9tat structurel. Elle existe en versions translucide (laisse voir le grain), semi-transparente et opaque.<\/p> <h3>La Peinture \u2014 Id\u00e9ale pour une Couverture Maximale ou un Look Moderne<\/h3> <p>La peinture forme un film protecteur en surface et offre une couverture maximale, une grande vari\u00e9t\u00e9 de couleurs et un aspect net et uniforme. Elle est particuli\u00e8rement efficace sur les garde-corps, les surfaces verticales, le bois tr\u00e8s alt\u00e9r\u00e9 ou h\u00e9t\u00e9rog\u00e8ne que la teinture ne couvrirait pas uniform\u00e9ment. Pour les surfaces horizontales tr\u00e8s expos\u00e9es, il convient de choisir une peinture-plancher sp\u00e9cialis\u00e9e con\u00e7ue pour r\u00e9sister au pi\u00e9tinement et aux intemp\u00e9ries.<\/p> <p>Notre \u00e9quipe \u00e9value votre terrasse et vous recommande la meilleure solution selon l\u2019\u00e9tat du bois, l\u2019exposition, et le r\u00e9sultat souhait\u00e9. Dans tous les cas, la pr\u00e9paration reste la m\u00eame \u2014 et c\u2019est l\u00e0 que se joue 80\u00a0% du r\u00e9sultat.<\/p> <p>[\/et_pb_text][et_pb_text _builder_version=\u00a0\u00bb4.27.5&Prime; _module_preset=\u00a0\u00bbdefault\u00a0\u00bb text_font=\u00a0\u00bbMontserrat||||||||\u00a0\u00bb text_text_color=\u00a0\u00bb#000000&Prime; text_font_size=\u00a0\u00bb16px\u00a0\u00bb link_text_color=\u00a0\u00bb#d2ad29&Prime; global_colors_info=\u00a0\u00bb{}\u00a0\u00bb]<\/p> <h2><strong>Notre Processus Complet<\/strong><\/h2> <p><strong><\/strong><\/p> <h3>\u00c9tape 1 \u2014 Inspection et \u00c9valuation<\/h3> <p>Nous \u00e9valuons l\u2019\u00e9tat g\u00e9n\u00e9ral du bois : pr\u00e9sence de pourriture, de clous ou vis rouill\u00e9s, de planches cass\u00e9es ou trop ab\u00eem\u00e9es. Toute planche structurellement compromise doit \u00eatre remplac\u00e9e avant de proc\u00e9der. C\u2019est aussi \u00e0 cette \u00e9tape que nous vous recommandons teinture ou peinture selon ce que nous observons.<\/p> <h3>\u00c9tape 2 \u2014 D\u00e9capage<\/h3> <p>Si votre patio a d\u00e9j\u00e0 \u00e9t\u00e9 teint ou peint, nous commen\u00e7ons par un d\u00e9capage chimique pour \u00e9liminer l\u2019ancienne couche de finition. Cette \u00e9tape est essentielle pour permettre au nouveau produit d\u2019adh\u00e9rer directement aux fibres du bois.<\/p> <h3>\u00c9tape 3 \u2014 Nettoyage en Profondeur<\/h3> <p>Nous appliquons un nettoyant pour bois ext\u00e9rieur qui \u00e9limine les r\u00e9sidus gris de photod\u00e9gradation, les taches de moisissure, les traces d\u2019algues et les d\u00e9p\u00f4ts min\u00e9raux, et qui r\u00e9ouvre les pores du bois.<\/p> <h3>\u00c9tape 4 \u2014 Sablage<\/h3> <p>Nous utilisons une ponceuse orbitale ou \u00e0 bande pour ouvrir les fibres du bois, \u00e9liminer les fibres gris\u00e9es en surface et cr\u00e9er une surface lisse et uniforme. Un bois bien sabl\u00e9 absorbe la teinture ou la peinture de mani\u00e8re homog\u00e8ne \u2014 c\u2019est ce qui garantit un fini impeccable.<\/p> <h3>\u00c9tape 5 \u2014 S\u00e9chage Complet<\/h3> <p>Le bois doit \u00eatre parfaitement sec avant toute application \u2014 id\u00e9alement apr\u00e8s 48 heures de temps sec. Peindre ou teindre sur un bois humide est l\u2019erreur la plus courante : le produit ne p\u00e9n\u00e8tre pas et s\u2019\u00e9caille rapidement.<\/p> <h3>\u00c9tape 6 \u2014 Application du Produit Final<\/h3> <p>Nous appliquons la teinture ou la peinture au pinceau, au rouleau ou au pistolet selon la configuration de votre terrasse et le produit choisi. Une ou deux couches sont appliqu\u00e9es selon le niveau d\u2019absorption du bois et le fini d\u00e9sir\u00e9.<\/p> <p>[\/et_pb_text][\/et_pb_column][\/et_pb_row][et_pb_row _builder_version=\u00a0\u00bb4.27.5&Prime; _module_preset=\u00a0\u00bbdefault\u00a0\u00bb custom_padding=\u00a0\u00bb||60px|||\u00a0\u00bb global_colors_info=\u00a0\u00bb{}\u00a0\u00bb][et_pb_column type=\u00a0\u00bb4_4&Prime; _builder_version=\u00a0\u00bb4.27.5&Prime; _module_preset=\u00a0\u00bbdefault\u00a0\u00bb global_colors_info=\u00a0\u00bb{}\u00a0\u00bb][et_pb_text _builder_version=\u00a0\u00bb4.27.5&Prime; _module_preset=\u00a0\u00bbdefault\u00a0\u00bb text_font=\u00a0\u00bbMontserrat||||||||\u00a0\u00bb text_text_color=\u00a0\u00bb#000000&Prime; text_font_size=\u00a0\u00bb16px\u00a0\u00bb link_text_color=\u00a0\u00bb#d2ad29&Prime; global_colors_info=\u00a0\u00bb{}\u00a0\u00bb]<\/p> <h2><strong>Les Produits que Nous Recommandons<\/strong><\/h2> <p><strong><\/strong><\/p> <p>Nous utilisons exclusivement des produits formul\u00e9s pour le march\u00e9 nordique, con\u00e7us pour r\u00e9sister aux hivers qu\u00e9b\u00e9cois :<\/p> <p>Teintures :<\/p> <ul> <li>Sikkens Cetol DEK Finish \u2014 r\u00e9f\u00e9rence de l\u2019industrie pour les terrasses en bois<\/li> <li>Cabot Australian Timber Oil \u2014 p\u00e9n\u00e9tration profonde, protection naturelle<\/li> <li>Armstrong Clark \u2014 formulation \u00e0 l\u2019huile, durabilit\u00e9 exceptionnelle<\/li> <li>TWP (Total Wood Preservative) \u2014 protection contre la moisissure, les champignons et les UV<\/li> <\/ul> <p>Peintures :<\/p> <ul> <li>Benjamin Moore Porch &amp; Floor \u2014 sp\u00e9cialement formul\u00e9 pour les surfaces pi\u00e9tonn\u00e9es ext\u00e9rieures<\/li> <li>Sherwin-Williams Porch &amp; Floor Enamel \u2014 excellente r\u00e9sistance \u00e0 l\u2019abrasion et aux UV<\/li> <li>Rust-Oleum RockSolid Deck \u2014 fini extra-solide, id\u00e9al pour les terrasses \u00e0 fort achalandage<\/li> <\/ul> <p>[\/et_pb_text][\/et_pb_column][\/et_pb_row][et_pb_row _builder_version=\u00a0\u00bb4.27.5&Prime; _module_preset=\u00a0\u00bbdefault\u00a0\u00bb background_color=\u00a0\u00bb#f4f4f4&Prime; global_colors_info=\u00a0\u00bb{}\u00a0\u00bb][et_pb_column type=\u00a0\u00bb4_4&Prime; _builder_version=\u00a0\u00bb4.27.5&Prime; _module_preset=\u00a0\u00bbdefault\u00a0\u00bb global_colors_info=\u00a0\u00bb{}\u00a0\u00bb][et_pb_text _builder_version=\u00a0\u00bb4.27.5&Prime; _module_preset=\u00a0\u00bbdefault\u00a0\u00bb text_font=\u00a0\u00bbMontserrat||||||||\u00a0\u00bb text_text_color=\u00a0\u00bb#000000&Prime; text_font_size=\u00a0\u00bb20px\u00a0\u00bb header_2_font=\u00a0\u00bbMontserrat|||on|||||\u00a0\u00bb header_2_text_color=\u00a0\u00bb#000000&Prime; header_2_font_size=\u00a0\u00bb24px\u00a0\u00bb custom_padding=\u00a0\u00bb0vw|2vw|0vw|2vw|true|true\u00a0\u00bb text_font_size_tablet=\u00a0\u00bb19px\u00a0\u00bb text_font_size_phone=\u00a0\u00bb17px\u00a0\u00bb text_font_size_last_edited=\u00a0\u00bboff|desktop\u00a0\u00bb header_2_font_size_tablet=\u00a0\u00bb50px\u00a0\u00bb header_2_font_size_phone=\u00a0\u00bb35px\u00a0\u00bb header_2_font_size_last_edited=\u00a0\u00bbon|desktop\u00a0\u00bb global_colors_info=\u00a0\u00bb{}\u00a0\u00bb]<\/p> <h2 style=\"text-align: center;\"><strong>Teinture et Peinture de Terrasse<\/strong><strong>: Entretien Recommand\u00e9e<\/strong><o:p><\/o:p><\/h2> <p>La dur\u00e9e de vie du fini d\u00e9pend de l\u2019exposition, de l\u2019essence de bois, du produit utilis\u00e9 et de la qualit\u00e9 de la pr\u00e9paration. En r\u00e8gle g\u00e9n\u00e9rale :<\/p> <ul> <li>Terrasse tr\u00e8s expos\u00e9e (plein sud, sans auvent) : entretien recommand\u00e9 tous les 2 ans<\/li> <li>Terrasse semi-couverte ou orient\u00e9e est\/ouest : tous les 3 ans<\/li> <li>Terrasse couverte ou orient\u00e9e nord : tous les 4 \u00e0 5 ans<\/li> <\/ul> <p>Un entretien r\u00e9gulier ne signifie pas n\u00e9cessairement refaire tout le processus \u2014 parfois un nettoyage et une couche de rafra\u00eechissement suffisent. Notre \u00e9quipe \u00e9value et recommande le bon niveau d\u2019intervention.<\/p> <p><scribe-shadow id=\"crxjs-ext\" data-crx=\"okfkdaglfjjjfefdcppliegebpoegaii\" style=\"position: fixed; width: 0px; height: 0px; top: 0px; left: 0px; z-index: 2147483647; overflow: visible; visibility: visible;\"><\/scribe-shadow><\/p> <p>[\/et_pb_text][\/et_pb_column][\/et_pb_row][et_pb_row column_structure=\u00a0\u00bb2_3,1_3&Prime; _builder_version=\u00a0\u00bb4.27.5&Prime; _module_preset=\u00a0\u00bbdefault\u00a0\u00bb custom_margin=\u00a0\u00bb38px|auto||auto||\u00a0\u00bb global_colors_info=\u00a0\u00bb{}\u00a0\u00bb][et_pb_column type=\u00a0\u00bb2_3&Prime; _builder_version=\u00a0\u00bb4.27.5&Prime; _module_preset=\u00a0\u00bbdefault\u00a0\u00bb global_colors_info=\u00a0\u00bb{}\u00a0\u00bb][et_pb_text _builder_version=\u00a0\u00bb4.27.5&Prime; _module_preset=\u00a0\u00bbdefault\u00a0\u00bb text_font=\u00a0\u00bbMontserrat||||||||\u00a0\u00bb text_text_color=\u00a0\u00bb#000000&Prime; text_font_size=\u00a0\u00bb16px\u00a0\u00bb link_text_color=\u00a0\u00bb#d2ad29&Prime; hover_enabled=\u00a0\u00bb0&Prime; global_colors_info=\u00a0\u00bb{}\u00a0\u00bb sticky_enabled=\u00a0\u00bb0&Prime;]<\/p> <p><strong>Redonnez vie \u00e0 votre terrasse ce printemps! Contactez Peintres Prestige\u00a0 pour une \u00e9valuation gratuite \u2014 Experts en <a href=\"https:\/\/peintresprestigemontreal.com\/fr\/peinture-exterieure\/\">peinture <span>ext\u00e9rieure<\/span><\/a> \u00e0 Montr\u00e9al.<\/strong><\/p> <p><scribe-shadow id=\"crxjs-ext\" data-crx=\"okfkdaglfjjjfefdcppliegebpoegaii\" style=\"position: fixed; width: 0px; height: 0px; top: 0px; left: 0px; z-index: 2147483647; overflow: visible; visibility: visible;\"><\/scribe-shadow><\/p> <p>[\/et_pb_text][\/et_pb_column][et_pb_column type=\u00a0\u00bb1_3&Prime; _builder_version=\u00a0\u00bb4.27.5&Prime; _module_preset=\u00a0\u00bbdefault\u00a0\u00bb global_colors_info=\u00a0\u00bb{}\u00a0\u00bb][et_pb_button button_url=\u00a0\u00bbhttps:\/\/peintresprestigemontreal.com\/fr\/contact\/\u00a0\u00bb button_text=\u00a0\u00bbSoumission Rapide\u00a0\u00bb button_alignment=\u00a0\u00bbleft\u00a0\u00bb module_id=\u00a0\u00bboverlay_unique_id_258096&Prime; _builder_version=\u00a0\u00bb4.27.5&Prime; _module_preset=\u00a0\u00bbdefault\u00a0\u00bb custom_button=\u00a0\u00bbon\u00a0\u00bb button_text_size=\u00a0\u00bb14px\u00a0\u00bb button_text_color=\u00a0\u00bb#d2ad29&Prime; button_bg_color=\u00a0\u00bb#111111&Prime; button_border_width=\u00a0\u00bb2px\u00a0\u00bb button_border_color=\u00a0\u00bb#d2ad29&Prime; button_border_radius=\u00a0\u00bb0px\u00a0\u00bb button_letter_spacing=\u00a0\u00bb2px\u00a0\u00bb button_font=\u00a0\u00bbMontserrat|600||on|||||\u00a0\u00bb button_icon=\u00a0\u00bb&#x24;||divi||400&Prime; custom_padding=\u00a0\u00bb20px|20px|20px|20px|true|true\u00a0\u00bb global_colors_info=\u00a0\u00bb{}\u00a0\u00bb][\/et_pb_button][\/et_pb_column][\/et_pb_row][\/et_pb_section]<\/p>","protected":false},"excerpt":{"rendered":"<p>Teinture et Peinture de Terrasse \u00e0 Montr\u00e9al La terrasse en bois est l\u2019un des espaces ext\u00e9rieurs les plus appr\u00e9ci\u00e9s des propri\u00e9taires qu\u00e9b\u00e9cois. C\u2019est l\u00e0 qu\u2019on se retrouve entre amis, qu\u2019on prend le caf\u00e9 le matin, qu\u2019on profite des longues soir\u00e9es d\u2019\u00e9t\u00e9. Mais le bois ext\u00e9rieur, expos\u00e9 aux rigueurs du climat qu\u00e9b\u00e9cois, vieillit vite s\u2019il n\u2019est [&hellip;]<\/p>\n","protected":false},"author":1,"featured_media":0,"parent":0,"menu_order":0,"comment_status":"closed","ping_status":"closed","template":"","meta":{"_et_pb_use_builder":"on","_et_pb_old_content":"","_et_gb_content_width":"","footnotes":""},"class_list":["post-259680","page","type-page","status-publish","hentry"],"jetpack_sharing_enabled":true,"_links":{"self":[{"href":"https:\/\/peintresprestigemontreal.com\/fr\/wp-json\/wp\/v2\/pages\/259680","targetHints":{"allow":["GET"]}}],"collection":[{"href":"https:\/\/peintresprestigemontreal.com\/fr\/wp-json\/wp\/v2\/pages"}],"about":[{"href":"https:\/\/peintresprestigemontreal.com\/fr\/wp-json\/wp\/v2\/types\/page"}],"author":[{"embeddable":true,"href":"https:\/\/peintresprestigemontreal.com\/fr\/wp-json\/wp\/v2\/users\/1"}],"replies":[{"embeddable":true,"href":"https:\/\/peintresprestigemontreal.com\/fr\/wp-json\/wp\/v2\/comments?post=259680"}],"version-history":[{"count":5,"href":"https:\/\/peintresprestigemontreal.com\/fr\/wp-json\/wp\/v2\/pages\/259680\/revisions"}],"predecessor-version":[{"id":259686,"href":"https:\/\/peintresprestigemontreal.com\/fr\/wp-json\/wp\/v2\/pages\/259680\/revisions\/259686"}],"wp:attachment":[{"href":"https:\/\/peintresprestigemontreal.com\/fr\/wp-json\/wp\/v2\/media?parent=259680"}],"curies":[{"name":"wp","href":"https:\/\/api.w.org\/{rel}","templated":true}]}}